{"id":11766,"date":"2022-11-29T16:55:22","date_gmt":"2022-11-29T19:55:22","guid":{"rendered":"https:\/\/iberbrasil.org.br\/blog\/?page_id=11766"},"modified":"2024-02-08T18:28:46","modified_gmt":"2024-02-08T21:28:46","slug":"denuncias","status":"publish","type":"page","link":"https:\/\/iberbrasil.org.br\/blog\/denuncias\/","title":{"rendered":"Den\u00fancias"},"content":{"rendered":"\t\t<div data-elementor-type=\"wp-page\" data-elementor-id=\"11766\" class=\"elementor elementor-11766\" data-elementor-post-type=\"page\">\n\t\t\t\t\t\t<section class=\"elementor-section elementor-top-section elementor-element elementor-element-27f0c5c elementor-section-stretched elementor-section-boxed elementor-section-height-default elementor-section-height-default\" data-id=\"27f0c5c\" data-element_type=\"section\" data-e-type=\"section\" data-settings=\"{&quot;stretch_section&quot;:&quot;section-stretched&quot;,&quot;background_background&quot;:&quot;classic&quot;}\">\n\t\t\t\t\t\t<div class=\"elementor-container elementor-column-gap-default\">\n\t\t\t\t\t<div class=\"elementor-column elementor-col-50 elementor-top-column elementor-element elementor-element-5d859bf\" data-id=\"5d859bf\" data-element_type=\"column\" data-e-type=\"column\">\n\t\t\t<div class=\"elementor-widget-wrap elementor-element-populated\">\n\t\t\t\t\t\t<div class=\"elementor-element elementor-element-b16808e elementor-widget elementor-widget-heading\" data-id=\"b16808e\" data-element_type=\"widget\" data-e-type=\"widget\" data-widget_type=\"heading.default\">\n\t\t\t\t<div class=\"elementor-widget-container\">\n\t\t\t\t\t<h3 class=\"elementor-heading-title elementor-size-default\">DEN\u00daNCIAS<\/h3>\t\t\t\t<\/div>\n\t\t\t\t<\/div>\n\t\t\t\t<div class=\"elementor-element elementor-element-3e02e60 elementor-widget elementor-widget-text-editor\" data-id=\"3e02e60\" data-element_type=\"widget\" data-e-type=\"widget\" data-widget_type=\"text-editor.default\">\n\t\t\t\t<div class=\"elementor-widget-container\">\n\t\t\t\t\t\t\t\t\t<p>Canal de comunica\u00e7\u00e3o disponibilizado pelo IBER para den\u00fancias.<\/p><p>\u00c9 importante que a den\u00fancia contenha elementos que permitam apurar a veracidade dos fatos relatados. Para outros assuntos, entre em <a href=\"https:\/\/iberbrasil.org.br\/contato\" target=\"_blank\" rel=\"noopener\">contato com nosso atendimento<\/a>.\u00a0<\/p>\t\t\t\t\t\t\t\t<\/div>\n\t\t\t\t<\/div>\n\t\t\t\t\t<\/div>\n\t\t<\/div>\n\t\t\t\t<div class=\"elementor-column elementor-col-50 elementor-top-column elementor-element elementor-element-e282825\" data-id=\"e282825\" data-element_type=\"column\" data-e-type=\"column\" data-settings=\"{&quot;background_background&quot;:&quot;classic&quot;}\">\n\t\t\t<div class=\"elementor-widget-wrap elementor-element-populated\">\n\t\t\t\t\t\t<div class=\"elementor-element elementor-element-69337d9 elementor-mobile-button-align-stretch elementor-button-align-stretch elementor-widget elementor-widget-form\" data-id=\"69337d9\" data-element_type=\"widget\" data-e-type=\"widget\" data-settings=\"{&quot;step_next_label&quot;:&quot;PR\\u00d3XIMO &gt;&quot;,&quot;step_previous_label&quot;:&quot;&lt; VOLTAR&quot;,&quot;step_type&quot;:&quot;icon_text&quot;,&quot;button_width&quot;:&quot;100&quot;,&quot;step_icon_shape&quot;:&quot;circle&quot;}\" data-widget_type=\"form.default\">\n\t\t\t\t<div class=\"elementor-widget-container\">\n\t\t\t\t\t\t\t<form class=\"elementor-form\" method=\"post\" name=\"Den\u00fancia\" aria-label=\"Den\u00fancia\">\n\t\t\t<input type=\"hidden\" name=\"post_id\" value=\"11766\"\/>\n\t\t\t<input type=\"hidden\" name=\"form_id\" value=\"69337d9\"\/>\n\t\t\t<input type=\"hidden\" name=\"referer_title\" value=\"IBER\" \/>\n\n\t\t\t\n\t\t\t<div class=\"elementor-form-fields-wrapper elementor-labels-above\">\n\t\t\t\t\t\t\t\t<div class=\"elementor-field-type-step elementor-field-group elementor-column elementor-field-group-field_bff8748 elementor-col-100\">\n\t\t\t\t\t\t\t<div class=\"e-field-step elementor-hidden\" data-label=\"Den\u00fancia\" data-previousButton=\"\" data-nextButton=\"\" data-iconUrl=\"\" data-iconLibrary=\"fas fa-comment-dots\" data-icon=\"\" ><\/div>\n\n\t\t\t\t\t\t<\/div>\n\t\t\t\t\t\t\t\t<div class=\"elementor-field-type-select elementor-field-group elementor-column elementor-field-group-denuncia elementor-col-100\">\n\t\t\t\t\t\t\t\t\t\t\t\t<label for=\"form-field-denuncia\" class=\"elementor-field-label\">\n\t\t\t\t\t\t\t\tTipo de den\u00fancia\t\t\t\t\t\t\t<\/label>\n\t\t\t\t\t\t\t\t<div class=\"elementor-field elementor-select-wrapper remove-before \">\n\t\t\t<div class=\"select-caret-down-wrapper\">\n\t\t\t\t<i aria-hidden=\"true\" class=\"eicon-caret-down\"><\/i>\t\t\t<\/div>\n\t\t\t<select name=\"form_fields[denuncia]\" id=\"form-field-denuncia\" class=\"elementor-field-textual elementor-size-md\">\n\t\t\t\t\t\t\t\t\t<option value=\"Concess\u00e3o de incentivos pessoais irregulares\">Concess\u00e3o de incentivos pessoais irregulares<\/option>\n\t\t\t\t\t\t\t\t\t<option value=\"Concorrencial\">Concorrencial<\/option>\n\t\t\t\t\t\t\t\t\t<option value=\"Conflito de interesses\">Conflito de interesses<\/option>\n\t\t\t\t\t\t\t\t\t<option value=\"Discrimina\u00e7\u00e3o ou ass\u00e9dio\">Discrimina\u00e7\u00e3o ou ass\u00e9dio<\/option>\n\t\t\t\t\t\t\t\t\t<option value=\"Falsifica\u00e7\u00e3o de documentos\">Falsifica\u00e7\u00e3o de documentos<\/option>\n\t\t\t\t\t\t\t\t\t<option value=\"Fraude e roubo\">Fraude e roubo<\/option>\n\t\t\t\t\t\t\t\t\t<option value=\"Lavagem de dinheiro\">Lavagem de dinheiro<\/option>\n\t\t\t\t\t\t\t\t\t<option value=\"Oferta de brindes, presentes, pr\u00eamios e gratifica\u00e7\u00f5es\">Oferta de brindes, presentes, pr\u00eamios e gratifica\u00e7\u00f5es<\/option>\n\t\t\t\t\t\t\t\t\t<option value=\"Pagamento irregular de comiss\u00f5es\">Pagamento irregular de comiss\u00f5es<\/option>\n\t\t\t\t\t\t\t\t\t<option value=\"Sabotagem ou destrui\u00e7\u00e3o\">Sabotagem ou destrui\u00e7\u00e3o<\/option>\n\t\t\t\t\t\t\t\t\t<option value=\"Suborno e corrup\u00e7\u00e3o\">Suborno e corrup\u00e7\u00e3o<\/option>\n\t\t\t\t\t\t\t\t\t<option value=\"Viola\u00e7\u00e3o das pol\u00edticas de Compliance\">Viola\u00e7\u00e3o das pol\u00edticas de Compliance<\/option>\n\t\t\t\t\t\t\t\t\t<option value=\"Viola\u00e7\u00e3o de informa\u00e7\u00f5es sigilosas\">Viola\u00e7\u00e3o de informa\u00e7\u00f5es sigilosas<\/option>\n\t\t\t\t\t\t\t\t\t<option value=\"Viola\u00e7\u00e3o do c\u00f3digo de \u00e9tica e de conduta\">Viola\u00e7\u00e3o do c\u00f3digo de \u00e9tica e de conduta<\/option>\n\t\t\t\t\t\t\t\t\t<option value=\"Viola\u00e7\u00e3o dos regulamentos de seguran\u00e7a\">Viola\u00e7\u00e3o dos regulamentos de seguran\u00e7a<\/option>\n\t\t\t\t\t\t\t\t\t<option value=\"Outros\">Outros<\/option>\n\t\t\t\t\t\t\t<\/select>\n\t\t<\/div>\n\t\t\t\t\t\t<\/div>\n\t\t\t\t\t\t\t\t<div class=\"elementor-field-type-textarea elementor-field-group elementor-column elementor-field-group-mensagem elementor-col-100\">\n\t\t\t\t\t\t\t\t\t\t\t\t<label for=\"form-field-mensagem\" class=\"elementor-field-label\">\n\t\t\t\t\t\t\t\tMensagem\t\t\t\t\t\t\t<\/label>\n\t\t\t\t\t\t<textarea class=\"elementor-field-textual elementor-field  elementor-size-md\" name=\"form_fields[mensagem]\" id=\"form-field-mensagem\" rows=\"4\"><\/textarea>\t\t\t\t<\/div>\n\t\t\t\t\t\t\t\t<div class=\"elementor-field-type-upload elementor-field-group elementor-column elementor-field-group-documento elementor-col-100\">\n\t\t\t\t\t\t\t\t\t\t\t\t<label for=\"form-field-documento\" class=\"elementor-field-label\">\n\t\t\t\t\t\t\t\tAnexar documento\t\t\t\t\t\t\t<\/label>\n\t\t\t\t\t\t\t\t<input type=\"file\" name=\"form_fields[documento]\" id=\"form-field-documento\" class=\"elementor-field elementor-size-md  elementor-upload-field\" data-maxsize=\"1\" data-maxsize-message=\"This file exceeds the maximum allowed size.\">\n\n\t\t\t\t\t\t<\/div>\n\t\t\t\t\t\t\t\t<div class=\"elementor-field-type-step elementor-field-group elementor-column elementor-field-group-field_a8fa144 elementor-col-100\">\n\t\t\t\t\t\t\t<div class=\"e-field-step elementor-hidden\" data-label=\"Acompanhamento (opcional)\" data-previousButton=\"\" data-nextButton=\"\" data-iconUrl=\"\" data-iconLibrary=\"fas fa-envelope\" data-icon=\"\" ><\/div>\n\n\t\t\t\t\t\t<\/div>\n\t\t\t\t\t\t\t\t<div class=\"elementor-field-type-html elementor-field-group elementor-column elementor-field-group-name elementor-col-100\">\n\t\t\t\t\t\t\t<div data-elementor-type=\"section\" data-elementor-id=\"11789\" class=\"elementor elementor-11789\" data-elementor-post-type=\"elementor_library\">\n\t\t\t\t\t<section class=\"elementor-section elementor-top-section elementor-element elementor-element-12efd49 elementor-section-boxed elementor-section-height-default elementor-section-height-default\" data-id=\"12efd49\" data-element_type=\"section\" data-e-type=\"section\">\n\t\t\t\t\t\t<div class=\"elementor-container elementor-column-gap-default\">\n\t\t\t\t\t<div class=\"elementor-column elementor-col-100 elementor-top-column elementor-element elementor-element-e3977a7\" data-id=\"e3977a7\" data-element_type=\"column\" data-e-type=\"column\">\n\t\t\t<div class=\"elementor-widget-wrap elementor-element-populated\">\n\t\t\t\t\t\t<div class=\"elementor-element elementor-element-631176d elementor-widget elementor-widget-heading\" data-id=\"631176d\" data-element_type=\"widget\" data-e-type=\"widget\" data-widget_type=\"heading.default\">\n\t\t\t\t<div class=\"elementor-widget-container\">\n\t\t\t\t\t<p class=\"elementor-heading-title elementor-size-default\"><strong>Importante:<\/strong> As manifesta\u00e7\u00f5es registradas de maneira an\u00f4nima s\u00e3o consideradas \u201cComunica\u00e7\u00f5es\u201d e n\u00e3o \u00e9 poss\u00edvel o seu acompanhamento. Caso deseje acompanhar o andamento da sua den\u00fancia e receber uma resposta do IBER, por favor identifique-se.<\/p>\t\t\t\t<\/div>\n\t\t\t\t<\/div>\n\t\t\t\t\t<\/div>\n\t\t<\/div>\n\t\t\t\t\t<\/div>\n\t\t<\/section>\n\t\t\t\t<\/div>\n\t\t\t\t\t\t<\/div>\n\t\t\t\t\t\t\t\t<div class=\"elementor-field-type-text elementor-field-group elementor-column elementor-field-group-nome elementor-col-50\">\n\t\t\t\t\t\t\t\t\t\t\t\t<label for=\"form-field-nome\" class=\"elementor-field-label\">\n\t\t\t\t\t\t\t\tNome (opcional)\t\t\t\t\t\t\t<\/label>\n\t\t\t\t\t\t\t\t\t\t\t\t\t\t<input size=\"1\" type=\"text\" name=\"form_fields[nome]\" id=\"form-field-nome\" class=\"elementor-field elementor-size-md  elementor-field-textual\">\n\t\t\t\t\t\t\t\t\t\t\t<\/div>\n\t\t\t\t\t\t\t\t<div class=\"elementor-field-type-email elementor-field-group elementor-column elementor-field-group-email elementor-col-50\">\n\t\t\t\t\t\t\t\t\t\t\t\t<label for=\"form-field-email\" class=\"elementor-field-label\">\n\t\t\t\t\t\t\t\tEmail (opcional)\t\t\t\t\t\t\t<\/label>\n\t\t\t\t\t\t\t\t\t\t\t\t\t\t<input size=\"1\" type=\"email\" name=\"form_fields[email]\" id=\"form-field-email\" class=\"elementor-field elementor-size-md  elementor-field-textual\">\n\t\t\t\t\t\t\t\t\t\t\t<\/div>\n\t\t\t\t\t\t\t\t<div class=\"elementor-field-type-acceptance elementor-field-group elementor-column elementor-field-group-field_692c681 elementor-col-100\">\n\t\t\t\t\t\t\t<div class=\"elementor-field-subgroup\">\n\t\t\t<span class=\"elementor-field-option\">\n\t\t\t\t<input type=\"checkbox\" name=\"form_fields[field_692c681]\" id=\"form-field-field_692c681\" class=\"elementor-field elementor-size-md  elementor-acceptance-field\">\n\t\t\t\t<label for=\"form-field-field_692c681\">Consinto com o tratamento dos meus dados pessoais para a finalidade de atendimento a minha solicita\u00e7\u00e3o e ao exerc\u00edcio dos meus direitos como titular de dados pessoais nos termos da Lei n\u00ba 13.709\/2018<\/label>\t\t\t<\/span>\n\t\t<\/div>\n\t\t\t\t\t\t<\/div>\n\t\t\t\t\t\t\t\t<div class=\"elementor-field-type-recaptcha_v3 elementor-field-group elementor-column elementor-field-group-field_446631d elementor-col-100 recaptcha_v3-bottomright\">\n\t\t\t\t\t<div class=\"elementor-field\" id=\"form-field-field_446631d\"><div class=\"elementor-g-recaptcha\" data-sitekey=\"6Le7sJweAAAAAIg2ZRS_SOQrjmUWKLU_vXEQD_se\" data-type=\"v3\" data-action=\"Form\" data-badge=\"bottomright\" data-size=\"invisible\"><\/div><\/div>\t\t\t\t<\/div>\n\t\t\t\t\t\t\t\t<div class=\"elementor-field-type-text\">\n\t\t\t\t\t<input size=\"1\" type=\"text\" name=\"form_fields[field_6003457]\" id=\"form-field-field_6003457\" class=\"elementor-field elementor-size-md \" style=\"display:none !important;\">\t\t\t\t<\/div>\n\t\t\t\t\t\t\t\t<div class=\"elementor-field-group elementor-column elementor-field-type-submit elementor-col-100 e-form__buttons\">\n\t\t\t\t\t<button class=\"elementor-button elementor-size-md\" type=\"submit\">\n\t\t\t\t\t\t<span class=\"elementor-button-content-wrapper\">\n\t\t\t\t\t\t\t\t\t\t\t\t\t\t\t\t\t\t\t\t\t\t<span class=\"elementor-button-text\">ENVIAR DEN\u00daNCIA<\/span>\n\t\t\t\t\t\t\t\t\t\t\t\t\t<\/span>\n\t\t\t\t\t<\/button>\n\t\t\t\t<\/div>\n\t\t\t<\/div>\n\t\t<\/form>\n\t\t\t\t\t\t<\/div>\n\t\t\t\t<\/div>\n\t\t\t\t<div class=\"elementor-element elementor-element-49c4a42 elementor-widget elementor-widget-heading\" data-id=\"49c4a42\" data-element_type=\"widget\" data-e-type=\"widget\" data-widget_type=\"heading.default\">\n\t\t\t\t<div class=\"elementor-widget-container\">\n\t\t\t\t\t<p class=\"elementor-heading-title elementor-size-default\">Este site \u00e9 protegido pelo reCAPTCHA e pelo Google e a\n    <a href=\"https:\/\/policies.google.com\/privacy\">Pol\u00edtica de Privacidade<\/a> e\n    os <a href=\"https:\/\/policies.google.com\/terms\">Termos de Servi\u00e7o<\/a> se aplicam.<\/p>\t\t\t\t<\/div>\n\t\t\t\t<\/div>\n\t\t\t\t\t<\/div>\n\t\t<\/div>\n\t\t\t\t\t<\/div>\n\t\t<\/section>\n\t\t\t\t<\/div>\n\t\t","protected":false},"excerpt":{"rendered":"<p>DEN\u00daNCIAS Canal de comunica\u00e7\u00e3o disponibilizado pelo IBER para den\u00fancias. \u00c9 importante que a den\u00fancia contenha elementos que permitam apurar a veracidade dos fatos relatados. Para outros assuntos, entre em contato com nosso atendimento.\u00a0 Este site \u00e9 protegido pelo reCAPTCHA e pelo Google e a Pol\u00edtica de Privacidade e os Termos de Servi\u00e7o se aplicam.<\/p>\n","protected":false},"author":12,"featured_media":0,"parent":0,"menu_order":0,"comment_status":"closed","ping_status":"closed","template":"","meta":{"footnotes":""},"class_list":["post-11766","page","type-page","status-publish","hentry"],"yoast_head":"<!-- This site is optimized with the Yoast SEO plugin v27.3 - https:\/\/yoast.com\/product\/yoast-seo-wordpress\/ -->\n<title>Den\u00fancias &#8226; IBER<\/title>\n<meta name=\"robots\" content=\"index, follow, max-snippet:-1, max-image-preview:large, max-video-preview:-1\" \/>\n<link rel=\"canonical\" href=\"https:\/\/iberbrasil.org.br\/blog\/denuncias\/\" \/>\n<meta property=\"og:locale\" content=\"pt_BR\" \/>\n<meta property=\"og:type\" content=\"article\" \/>\n<meta property=\"og:title\" content=\"Den\u00fancias &#8226; IBER\" \/>\n<meta property=\"og:description\" content=\"DEN\u00daNCIAS Canal de comunica\u00e7\u00e3o disponibilizado pelo IBER para den\u00fancias. \u00c9 importante que a den\u00fancia contenha elementos que permitam apurar a veracidade dos fatos relatados. Para outros assuntos, entre em contato com nosso atendimento.\u00a0 Este site \u00e9 protegido pelo reCAPTCHA e pelo Google e a Pol\u00edtica de Privacidade e os Termos de Servi\u00e7o se aplicam.\" \/>\n<meta property=\"og:url\" content=\"https:\/\/iberbrasil.org.br\/blog\/denuncias\/\" \/>\n<meta property=\"og:site_name\" content=\"IBER\" \/>\n<meta property=\"article:modified_time\" content=\"2024-02-08T21:28:46+00:00\" \/>\n<meta name=\"twitter:card\" content=\"summary_large_image\" \/>\n<meta name=\"twitter:label1\" content=\"Est. tempo de leitura\" \/>\n\t<meta name=\"twitter:data1\" content=\"2 minutos\" \/>\n<script type=\"application\/ld+json\" class=\"yoast-schema-graph\">{\"@context\":\"https:\\\/\\\/schema.org\",\"@graph\":[{\"@type\":\"WebPage\",\"@id\":\"https:\\\/\\\/iberbrasil.org.br\\\/blog\\\/denuncias\\\/\",\"url\":\"https:\\\/\\\/iberbrasil.org.br\\\/blog\\\/denuncias\\\/\",\"name\":\"Den\u00fancias &#8226; IBER\",\"isPartOf\":{\"@id\":\"\\\/#website\"},\"datePublished\":\"2022-11-29T19:55:22+00:00\",\"dateModified\":\"2024-02-08T21:28:46+00:00\",\"breadcrumb\":{\"@id\":\"https:\\\/\\\/iberbrasil.org.br\\\/blog\\\/denuncias\\\/#breadcrumb\"},\"inLanguage\":\"pt-BR\",\"potentialAction\":[{\"@type\":\"ReadAction\",\"target\":[\"https:\\\/\\\/iberbrasil.org.br\\\/blog\\\/denuncias\\\/\"]}]},{\"@type\":\"BreadcrumbList\",\"@id\":\"https:\\\/\\\/iberbrasil.org.br\\\/blog\\\/denuncias\\\/#breadcrumb\",\"itemListElement\":[{\"@type\":\"ListItem\",\"position\":1,\"name\":\"Home\",\"item\":\"https:\\\/\\\/iberbrasil.org.br\\\/blog\\\/\"},{\"@type\":\"ListItem\",\"position\":2,\"name\":\"Den\u00fancias\"}]},{\"@type\":\"WebSite\",\"@id\":\"\\\/#website\",\"url\":\"\\\/\",\"name\":\"IBER\",\"description\":\"Instituto Brasileiro de Energia Recicl\u00e1vel\",\"publisher\":{\"@id\":\"\\\/#organization\"},\"potentialAction\":[{\"@type\":\"SearchAction\",\"target\":{\"@type\":\"EntryPoint\",\"urlTemplate\":\"\\\/?s={search_term_string}\"},\"query-input\":{\"@type\":\"PropertyValueSpecification\",\"valueRequired\":true,\"valueName\":\"search_term_string\"}}],\"inLanguage\":\"pt-BR\"},{\"@type\":\"Organization\",\"@id\":\"\\\/#organization\",\"name\":\"IBER Brasil\",\"url\":\"\\\/\",\"logo\":{\"@type\":\"ImageObject\",\"inLanguage\":\"pt-BR\",\"@id\":\"\\\/#\\\/schema\\\/logo\\\/image\\\/\",\"url\":\"https:\\\/\\\/iberbrasil.org.br\\\/blog\\\/wp-content\\\/uploads\\\/2021\\\/01\\\/logo-iber-2.png\",\"contentUrl\":\"https:\\\/\\\/iberbrasil.org.br\\\/blog\\\/wp-content\\\/uploads\\\/2021\\\/01\\\/logo-iber-2.png\",\"width\":317,\"height\":86,\"caption\":\"IBER Brasil\"},\"image\":{\"@id\":\"\\\/#\\\/schema\\\/logo\\\/image\\\/\"}}]}<\/script>\n<!-- \/ Yoast SEO plugin. -->","yoast_head_json":{"title":"Den\u00fancias &#8226; IBER","robots":{"index":"index","follow":"follow","max-snippet":"max-snippet:-1","max-image-preview":"max-image-preview:large","max-video-preview":"max-video-preview:-1"},"canonical":"https:\/\/iberbrasil.org.br\/blog\/denuncias\/","og_locale":"pt_BR","og_type":"article","og_title":"Den\u00fancias &#8226; IBER","og_description":"DEN\u00daNCIAS Canal de comunica\u00e7\u00e3o disponibilizado pelo IBER para den\u00fancias. \u00c9 importante que a den\u00fancia contenha elementos que permitam apurar a veracidade dos fatos relatados. Para outros assuntos, entre em contato com nosso atendimento.\u00a0 Este site \u00e9 protegido pelo reCAPTCHA e pelo Google e a Pol\u00edtica de Privacidade e os Termos de Servi\u00e7o se aplicam.","og_url":"https:\/\/iberbrasil.org.br\/blog\/denuncias\/","og_site_name":"IBER","article_modified_time":"2024-02-08T21:28:46+00:00","twitter_card":"summary_large_image","twitter_misc":{"Est. tempo de leitura":"2 minutos"},"schema":{"@context":"https:\/\/schema.org","@graph":[{"@type":"WebPage","@id":"https:\/\/iberbrasil.org.br\/blog\/denuncias\/","url":"https:\/\/iberbrasil.org.br\/blog\/denuncias\/","name":"Den\u00fancias &#8226; IBER","isPartOf":{"@id":"\/#website"},"datePublished":"2022-11-29T19:55:22+00:00","dateModified":"2024-02-08T21:28:46+00:00","breadcrumb":{"@id":"https:\/\/iberbrasil.org.br\/blog\/denuncias\/#breadcrumb"},"inLanguage":"pt-BR","potentialAction":[{"@type":"ReadAction","target":["https:\/\/iberbrasil.org.br\/blog\/denuncias\/"]}]},{"@type":"BreadcrumbList","@id":"https:\/\/iberbrasil.org.br\/blog\/denuncias\/#breadcrumb","itemListElement":[{"@type":"ListItem","position":1,"name":"Home","item":"https:\/\/iberbrasil.org.br\/blog\/"},{"@type":"ListItem","position":2,"name":"Den\u00fancias"}]},{"@type":"WebSite","@id":"\/#website","url":"\/","name":"IBER","description":"Instituto Brasileiro de Energia Recicl\u00e1vel","publisher":{"@id":"\/#organization"},"potentialAction":[{"@type":"SearchAction","target":{"@type":"EntryPoint","urlTemplate":"\/?s={search_term_string}"},"query-input":{"@type":"PropertyValueSpecification","valueRequired":true,"valueName":"search_term_string"}}],"inLanguage":"pt-BR"},{"@type":"Organization","@id":"\/#organization","name":"IBER Brasil","url":"\/","logo":{"@type":"ImageObject","inLanguage":"pt-BR","@id":"\/#\/schema\/logo\/image\/","url":"https:\/\/iberbrasil.org.br\/blog\/wp-content\/uploads\/2021\/01\/logo-iber-2.png","contentUrl":"https:\/\/iberbrasil.org.br\/blog\/wp-content\/uploads\/2021\/01\/logo-iber-2.png","width":317,"height":86,"caption":"IBER Brasil"},"image":{"@id":"\/#\/schema\/logo\/image\/"}}]}},"_links":{"self":[{"href":"https:\/\/iberbrasil.org.br\/blog\/wp-json\/wp\/v2\/pages\/11766","targetHints":{"allow":["GET"]}}],"collection":[{"href":"https:\/\/iberbrasil.org.br\/blog\/wp-json\/wp\/v2\/pages"}],"about":[{"href":"https:\/\/iberbrasil.org.br\/blog\/wp-json\/wp\/v2\/types\/page"}],"author":[{"embeddable":true,"href":"https:\/\/iberbrasil.org.br\/blog\/wp-json\/wp\/v2\/users\/12"}],"replies":[{"embeddable":true,"href":"https:\/\/iberbrasil.org.br\/blog\/wp-json\/wp\/v2\/comments?post=11766"}],"version-history":[{"count":120,"href":"https:\/\/iberbrasil.org.br\/blog\/wp-json\/wp\/v2\/pages\/11766\/revisions"}],"predecessor-version":[{"id":12618,"href":"https:\/\/iberbrasil.org.br\/blog\/wp-json\/wp\/v2\/pages\/11766\/revisions\/12618"}],"wp:attachment":[{"href":"https:\/\/iberbrasil.org.br\/blog\/wp-json\/wp\/v2\/media?parent=11766"}],"curies":[{"name":"wp","href":"https:\/\/api.w.org\/{rel}","templated":true}]}}